{"id":208,"date":"2022-01-30T21:45:26","date_gmt":"2022-01-30T20:45:26","guid":{"rendered":"http:\/\/seinement.be\/?page_id=208"},"modified":"2026-03-11T19:42:16","modified_gmt":"2026-03-11T18:42:16","slug":"qui-sommes-nous","status":"publish","type":"page","link":"https:\/\/seinement.be\/?page_id=208","title":{"rendered":"Qui sommes nous ?"},"content":{"rendered":"\n<div class=\"wp-block-columns is-layout-flex wp-container-core-columns-is-layout-9d6595d7 wp-block-columns-is-layout-flex\">\n<div class=\"wp-block-column qui-sommes-nous is-layout-flow wp-block-column-is-layout-flow\"><div class=\"wp-block-image is-style-rounded\">\n<figure class=\"aligncenter size-full\"><img loading=\"lazy\" decoding=\"async\" width=\"170\" height=\"170\" src=\"https:\/\/seinement.be\/wp-content\/uploads\/2022\/01\/image-559.jpg\" alt=\"\" class=\"wp-image-73\" srcset=\"https:\/\/seinement.be\/wp-content\/uploads\/2022\/01\/image-559.jpg 170w, https:\/\/seinement.be\/wp-content\/uploads\/2022\/01\/image-559-150x150.jpg 150w\" sizes=\"auto, (max-width: 170px) 100vw, 170px\" \/><\/figure>\n<\/div>\n\n\n<h4 class=\"wp-block-heading\">Iris Coutouzis<\/h4>\n\n\n\n<p><strong>Danse libre &amp; Tango<\/strong><\/p>\n\n\n\n<p>N\u00e9e en Gr\u00e8ce, Iris s\u2019est install\u00e9e \u00e0 Bruxelles pour entamer des \u00e9tudes de kin\u00e9sith\u00e9rapie. Dipl\u00f4m\u00e9e de l\u2019UCL, elle travaille depuis 20 ans en tant que kin\u00e9sith\u00e9rapeute en neurologie adulte \u00e0 l\u2019h\u00f4pital Erasme. \u200b<\/p>\n\n\n\n<p>Touch\u00e9e par un cancer du sein \u00e0 l\u2019\u00e2ge de 30 ans, elle d\u00e9couvre le tango argentin, qui devient sa bulle d\u2019oxyg\u00e8ne et sa passion. Elle l\u2019enseignera pendant 10 ans aupr\u00e8s d\u2019Eugenia. Leur amiti\u00e9 les d\u00e9cidera \u00e0 cr\u00e9er le projet \u00ab\u00a0Seinement \u2013<em>Tango &amp; <\/em><em>Cancer <\/em><em>du Sein\u00a0\u00bb <\/em>afin de permettre \u00e0 d\u2019autres femmes de b\u00e9n\u00e9ficier de leur exp\u00e9rience.\u200b<\/p>\n\n\n\n<p>Iris s\u2019est \u00e9galement form\u00e9e en oncologie, gestion de la douleur et partenariat patient, ainsi qu\u2019en danse th\u00e9rapeutique aupr\u00e8s de Sheherazade (formation \u201cEn Mouvement\u201d \u00e0 l\u2019Institut Rafa\u00ebl, Paris, 2025) et Emily Jenkins (\u201cDance in Cancer Care\u201d, 2024).\u200b<\/p>\n\n\n\n<p>Iris a 2 enfants. Elle parle grec, fran\u00e7ais, anglais &amp; espagnol. \u200b<\/p>\n<\/div>\n\n\n\n<div class=\"wp-block-column qui-sommes-nous is-layout-flow wp-block-column-is-layout-flow\"><div class=\"wp-block-image is-style-rounded\">\n<figure class=\"aligncenter size-full\"><img loading=\"lazy\" decoding=\"async\" width=\"170\" height=\"170\" src=\"https:\/\/seinement.be\/wp-content\/uploads\/2022\/01\/image-570.jpg\" alt=\"\" class=\"wp-image-74\" srcset=\"https:\/\/seinement.be\/wp-content\/uploads\/2022\/01\/image-570.jpg 170w, https:\/\/seinement.be\/wp-content\/uploads\/2022\/01\/image-570-150x150.jpg 150w\" sizes=\"auto, (max-width: 170px) 100vw, 170px\" \/><\/figure>\n<\/div>\n\n\n<h4 class=\"wp-block-heading\">Eugenia Ram\u00edrez Miori<\/h4>\n\n\n\n<p><strong>Tango<\/strong><\/p>\n\n\n\n<p>Eugenia est n\u00e9e en Argentine o\u00f9 elle a v\u00e9cu jusqu\u2019\u00e0 ses 26 ans. Elle a fait ses \u00e9tudes au Conservatoire d\u2019Art Dramatique, suivies d\u2019un master en p\u00e9dagogie th\u00e9\u00e2trale. Elle a appris le tango aupr\u00e8s de grands ma\u00eetres \u00e0 Buenos Aires.\u200b<br>\u200b<\/p>\n\n\n\n<p>Ayant d\u00e9m\u00e9nag\u00e9 \u00e0 Bruxelles, elle y a fond\u00e9 sa propre \u00e9cole de tango, <em>Nosotros<\/em><em>, <\/em>au travers de laquelle elle promeut l\u2019art, la culture et la danse. Cela fait 30 ans qu\u2019elle y donne cours et qu\u2019elle y a form\u00e9 une dizaine de professeurs. Elle travaille \u00e9galement comme com\u00e9dienne dans des films d\u2019auteur, fait de la mise en sc\u00e8ne et des chor\u00e9graphies pour des th\u00e9\u00e2tres renomm\u00e9s.\u200b<\/p>\n\n\n\n<p>Coach de vie certifi\u00e9e de l\u2019\u00e9cole BAO Elan Vital, elle accompagne les personnes dans leur chemin de vie, \u00e9galement gr\u00e2ce aux constellations. \u200b<\/p>\n\n\n\n<p>Eugenia a 2 enfants. Elle parle espagnol, fran\u00e7ais, anglais, n\u00e9erlandais. \u200b<\/p>\n<\/div>\n<\/div>\n\n\n\n<div style=\"height:100px\" aria-hidden=\"true\" class=\"wp-block-spacer\"><\/div>\n\n\n\n<div class=\"wp-block-columns is-layout-flex wp-container-core-columns-is-layout-9d6595d7 wp-block-columns-is-layout-flex\">\n<div class=\"wp-block-column qui-sommes-nous is-layout-flow wp-block-column-is-layout-flow\"><div class=\"wp-block-image is-style-rounded\">\n<figure class=\"aligncenter size-full\"><img loading=\"lazy\" decoding=\"async\" width=\"150\" height=\"150\" src=\"https:\/\/seinement.be\/wp-content\/uploads\/2026\/02\/Capture-decran-2026-02-25-a-20.27.04-e1772048020674.png\" alt=\"\" class=\"wp-image-670\"\/><\/figure>\n<\/div>\n\n\n<h4 class=\"wp-block-heading\"><br>Ma\u00eblle Quintart<br><\/h4>\n\n\n\n<p><strong>Danse orientale &amp; mouvement au feminin<\/strong><\/p>\n\n\n\n<p>Ma\u00eblle d\u00e9couvre la danse orientale \u00e0 l\u2019\u00e2ge de 16 ans et c\u2019est une v\u00e9ritable r\u00e9v\u00e9lation. Cette&nbsp;danse \u00e9pouse son corps, la musique orientale la transporte au niveau \u00e9motionnel et alors qu&rsquo;elle a du mal \u00e0 accepter ses rondeurs, la danse orientale les met en valeur. Ma\u00eblle embrasse une carri\u00e8re de danseuse professionnelle.\u200b<\/p>\n\n\n\n<p>Touch\u00e9e par un cancer \u00e0 l&rsquo;\u00e2ge de 38 ans juste avant la crise Covid,&nbsp;Ma\u00eblle partage sa travers\u00e9e du cancer avec sa vaste communaut\u00e9 afin de faire de son exp\u00e9rience un outil de pr\u00e9vention. Sa pratique de la danse la porte pendant les traitements et la persuade que la danse orientale est un outil puissant de bien \u00eatre.\u200b<\/p>\n\n\n\n<p>Ma\u00eblle s\u2019est \u00e9galement form\u00e9e en coaching (certification BAO Elan Vital) afin d\u2019accompagner les femmes dans la gestion de la maladie, pendant et apr\u00e8s cette \u00e9preuve qui chamboule la vie. Sa d\u00e9marche allie expertise artistique, valeurs de bien-\u00eatre et v\u00e9cu personnel.&nbsp;Elle a suivi la formation&nbsp;Dance in Cancer Care d&rsquo;Emily Jenkins (2024).\u200b<\/p>\n\n\n\n<p>Ma\u00eblle a un fils.&nbsp;Elle parle fran\u00e7ais, anglais &amp; espagnol. \u200b<\/p>\n<\/div>\n\n\n\n<div class=\"wp-block-column qui-sommes-nous is-layout-flow wp-block-column-is-layout-flow\"><div class=\"wp-block-image is-style-rounded\">\n<figure class=\"aligncenter size-full is-resized\"><img loading=\"lazy\" decoding=\"async\" width=\"150\" height=\"150\" src=\"https:\/\/seinement.be\/wp-content\/uploads\/2026\/02\/Muriel.jpg\" alt=\"\" class=\"wp-image-680\" style=\"width:150px;height:auto\" srcset=\"https:\/\/seinement.be\/wp-content\/uploads\/2026\/02\/Muriel.jpg 150w, https:\/\/seinement.be\/wp-content\/uploads\/2026\/02\/Muriel-60x60.jpg 60w\" sizes=\"auto, (max-width: 150px) 100vw, 150px\" \/><\/figure>\n<\/div>\n\n\n<h4 class=\"wp-block-heading\"><br>Muriel Feyssaguet<\/h4>\n\n\n\n<p><strong>Tango et danse assise<\/strong><\/p>\n\n\n\n<p>N\u00e9e en France, Muriel a un DEA de biotechnologies et a travaill\u00e9 plus de 25 ans dans le domaine du diagnostic m\u00e9dical puis des vaccins en tant que scientifique.\u200b<\/p>\n\n\n\n<p>\u200b<br>Parall\u00e8lement, elle pratique depuis l\u2019enfance diverses disciplines artistiques \u2013 musique, th\u00e9\u00e2tre, clown \u2013 ainsi que plusieurs danses (classique, rock, claquettes, flamenco). Elle pratique le tango argentin depuis 30 ans qu\u2019elle enseigne aux c\u00f4t\u00e9s d\u2019Eugenia. \u200b<\/p>\n\n\n\n<p>\u200b<br>Sensibilis\u00e9e au handicap et marqu\u00e9e, il y a quelques ann\u00e9es, par un burn-out, elle s\u2019int\u00e9resse au r\u00f4le de l\u2019art dans le mieux-\u00eatre. En 2021, elle se forme en art-th\u00e9rapie \u00e0 la HELB Ilya Prigogine, explorant diff\u00e9rents m\u00e9diums dans une approche th\u00e9rapeutique. Aujourd\u2019hui, elle propose des ateliers de tango argentin, de danse libre et de danse assise destin\u00e9s aux personnes fragilis\u00e9es, tous \u00e2ges confondus.\u200b<\/p>\n\n\n\n<p>Muriel parle fran\u00e7ais &amp; anglais. \u200b<\/p>\n\n\n\n<p>\u200b<\/p>\n<\/div>\n<\/div>\n","protected":false},"excerpt":{"rendered":"<p>Iris Coutouzis Danse libre &amp; Tango N\u00e9e en Gr\u00e8ce, Iris s\u2019est install\u00e9e \u00e0 Bruxelles pour entamer des \u00e9tudes de kin\u00e9sith\u00e9rapie. Dipl\u00f4m\u00e9e de l\u2019UCL, elle travaille depuis 20 ans en tant que kin\u00e9sith\u00e9rapeute en neurologie adulte \u00e0 l\u2019h\u00f4pital Erasme. \u200b Touch\u00e9e par un cancer du sein \u00e0 l\u2019\u00e2ge de 30 ans, elle d\u00e9couvre le tango argentin, &hellip; <\/p>\n","protected":false},"author":1,"featured_media":0,"parent":0,"menu_order":0,"comment_status":"closed","ping_status":"closed","template":"","meta":{"footnotes":""},"class_list":["post-208","page","type-page","status-publish","hentry"],"_links":{"self":[{"href":"https:\/\/seinement.be\/index.php?rest_route=\/wp\/v2\/pages\/208","targetHints":{"allow":["GET"]}}],"collection":[{"href":"https:\/\/seinement.be\/index.php?rest_route=\/wp\/v2\/pages"}],"about":[{"href":"https:\/\/seinement.be\/index.php?rest_route=\/wp\/v2\/types\/page"}],"author":[{"embeddable":true,"href":"https:\/\/seinement.be\/index.php?rest_route=\/wp\/v2\/users\/1"}],"replies":[{"embeddable":true,"href":"https:\/\/seinement.be\/index.php?rest_route=%2Fwp%2Fv2%2Fcomments&post=208"}],"version-history":[{"count":18,"href":"https:\/\/seinement.be\/index.php?rest_route=\/wp\/v2\/pages\/208\/revisions"}],"predecessor-version":[{"id":775,"href":"https:\/\/seinement.be\/index.php?rest_route=\/wp\/v2\/pages\/208\/revisions\/775"}],"wp:attachment":[{"href":"https:\/\/seinement.be\/index.php?rest_route=%2Fwp%2Fv2%2Fmedia&parent=208"}],"curies":[{"name":"wp","href":"https:\/\/api.w.org\/{rel}","templated":true}]}}